{"id":39,"date":"2023-04-19T10:07:31","date_gmt":"2023-04-19T08:07:31","guid":{"rendered":"https:\/\/instantmedia.pl\/?page_id=39"},"modified":"2023-07-05T11:43:01","modified_gmt":"2023-07-05T09:43:01","slug":"kontakt","status":"publish","type":"page","link":"https:\/\/instantmedia.pl\/?page_id=39","title":{"rendered":"Kontakt"},"content":{"rendered":"\n<div class=\"wp-block-columns is-layout-flex wp-container-core-columns-is-layout-28f84493 wp-block-columns-is-layout-flex\">\n<div class=\"wp-block-column is-layout-flow wp-block-column-is-layout-flow\">\n<p>Zapraszamy do kontaktu \u2013 napisz email lub zadzwo\u0144. Obszarem dzia\u0142alno\u015bci jest g\u0142\u00f3wnie&nbsp;<strong>Warszawa<\/strong>&nbsp;i okolice. Zlecenia realizujemy r\u00f3wnie\u017c na terenie ca\u0142ej Polski.<\/p>\n\n\n\n<p>Wiktor Maciejewski<br><a rel=\"noreferrer noopener\" href=\"kontakt@instantmedia.pl\" data-type=\"URL\" data-id=\"email:kontakt@instantmedia.pl\" target=\"_blank\">kontakt@instantmedia.pl<\/a><br> <a href=\"http:\/\/+48797190703\" data-type=\"URL\" target=\"_blank\" rel=\"noreferrer noopener\">+48 797 190 703<\/a><br><br>Aby otrzyma\u0107 wycen\u0119 sesji w mo\u017cliwie najszybszym terminie bardzo prosimy o\u00a0zamieszczenie w zapytaniu poni\u017cszych informacji:<\/p>\n\n\n\n<ul class=\"wp-block-list\">\n<li>Cel sesji \u2013 do czego b\u0119d\u0105 wykorzystywane zdj\u0119cia<\/li>\n\n\n\n<li>Rodzaj zdj\u0119\u0107 \u2013 produktowe, biznesowe &#8211; portretowe\/wizerunkowe, grupowe, sytuacyjne<\/li>\n\n\n\n<li>T\u0142o zdj\u0119\u0107 \u2013 siedziba\/biuro czy jednolite\/g\u0142adkie<\/li>\n\n\n\n<li>Ilo\u015b\u0107 os\u00f3b, w tym kobiet\/m\u0119\u017cczyzn<\/li>\n\n\n\n<li>Ilo\u015b\u0107 zdj\u0119\u0107 na osob\u0119 lub \u0142\u0105cznie \u2013 tylko ostateczne, wyretuszowane zdj\u0119cia<\/li>\n\n\n\n<li>Ograniczenia czasowe \u2013 sztywny termin przeprowadzenia sesji, termin oddania gotowych zdj\u0119\u0107, itp.<\/li>\n<\/ul>\n<\/div>\n\n\n\n<div class=\"wp-block-column is-layout-flow wp-block-column-is-layout-flow\">\n<div class=\"wp-block-contact-form-7-contact-form-selector\">\n<div class=\"wpcf7 no-js\" id=\"wpcf7-f177-o1\" lang=\"pl-PL\" dir=\"ltr\">\n<div class=\"screen-reader-response\"><p role=\"status\" aria-live=\"polite\" aria-atomic=\"true\"><\/p> <ul><\/ul><\/div>\n<form action=\"\/index.php?rest_route=%2Fwp%2Fv2%2Fpages%2F39#wpcf7-f177-o1\" method=\"post\" class=\"wpcf7-form init\" aria-label=\"Formularz kontaktowy\" novalidate=\"novalidate\" data-status=\"init\">\n<div style=\"display: none;\">\n<input type=\"hidden\" name=\"_wpcf7\" value=\"177\" \/>\n<input type=\"hidden\" name=\"_wpcf7_version\" value=\"5.7.6\" \/>\n<input type=\"hidden\" name=\"_wpcf7_locale\" value=\"pl_PL\" \/>\n<input type=\"hidden\" name=\"_wpcf7_unit_tag\" value=\"wpcf7-f177-o1\" \/>\n<input type=\"hidden\" name=\"_wpcf7_container_post\" value=\"0\" \/>\n<input type=\"hidden\" name=\"_wpcf7_posted_data_hash\" value=\"\" \/>\n<\/div>\n<p><label> Twoje Imi\u0119 i Nazwisko \/ Nazwa firmy<br \/>\n<span class=\"wpcf7-form-control-wrap\" data-name=\"your-name\"><input size=\"40\" class=\"wpcf7-form-control wpcf7-text wpcf7-validates-as-required\" autocomplete=\"name\" aria-required=\"true\" aria-invalid=\"false\" value=\"\" type=\"text\" name=\"your-name\" \/><\/span> <\/label><br \/>\n<label> Tw\u00f3j adres e-mail<br \/>\n<span class=\"wpcf7-form-control-wrap\" data-name=\"your-email\"><input size=\"40\" class=\"wpcf7-form-control wpcf7-text wpcf7-email wpcf7-validates-as-required wpcf7-validates-as-email\" autocomplete=\"email\" aria-required=\"true\" aria-invalid=\"false\" value=\"\" type=\"email\" name=\"your-email\" \/><\/span> <\/label><br \/>\n<label> Temat<br \/>\n<span class=\"wpcf7-form-control-wrap\" data-name=\"your-subject\"><input size=\"40\" class=\"wpcf7-form-control wpcf7-text wpcf7-validates-as-required\" aria-required=\"true\" aria-invalid=\"false\" value=\"\" type=\"text\" name=\"your-subject\" \/><\/span> <\/label><br \/>\n<label> Numer telefonu<br \/>\n<span class=\"wpcf7-form-control-wrap\" data-name=\"Numertelefonu\"><input size=\"40\" class=\"wpcf7-form-control wpcf7-text wpcf7-tel wpcf7-validates-as-required wpcf7-validates-as-tel\" id=\"Nrtelefonu\" aria-required=\"true\" aria-invalid=\"false\" value=\"\" type=\"tel\" name=\"Numertelefonu\" \/><\/span><\/label><br \/>\n<label> Twoja wiadomo\u015bci (opcjonalne)<br \/>\n<span class=\"wpcf7-form-control-wrap\" data-name=\"your-message\"><textarea cols=\"40\" rows=\"10\" class=\"wpcf7-form-control wpcf7-textarea\" aria-invalid=\"false\" name=\"your-message\"><\/textarea><\/span> <\/label><br \/>\n<input class=\"wpcf7-form-control has-spinner wpcf7-submit\" type=\"submit\" value=\"Wy\u015blij\" \/>\n<\/p><div class=\"wpcf7-response-output\" aria-hidden=\"true\"><\/div>\n<\/form>\n<\/div>\n<\/div>\n<\/div>\n<\/div>\n\n\n\n<p class=\"has-text-align-center\"><\/p>\n","protected":false},"excerpt":{"rendered":"<p>Zapraszamy do kontaktu \u2013 napisz email lub zadzwo\u0144. Obszarem dzia\u0142alno\u015bci jest g\u0142\u00f3wnie&nbsp;Warszawa&nbsp;i okolice. Zlecenia realizujemy r\u00f3wnie\u017c na terenie ca\u0142ej Polski. Wiktor Maciejewskikontakt@instantmedia.pl +48 797 190 703 Aby otrzyma\u0107 wycen\u0119 sesji w mo\u017cliwie najszybszym terminie bardzo prosimy o\u00a0zamieszczenie w zapytaniu poni\u017cszych informacji:<\/p>\n","protected":false},"author":1,"featured_media":0,"parent":0,"menu_order":5,"comment_status":"closed","ping_status":"closed","template":"","meta":{"footnotes":""},"class_list":["post-39","page","type-page","status-publish","hentry"],"_links":{"self":[{"href":"https:\/\/instantmedia.pl\/index.php?rest_route=\/wp\/v2\/pages\/39","targetHints":{"allow":["GET"]}}],"collection":[{"href":"https:\/\/instantmedia.pl\/index.php?rest_route=\/wp\/v2\/pages"}],"about":[{"href":"https:\/\/instantmedia.pl\/index.php?rest_route=\/wp\/v2\/types\/page"}],"author":[{"embeddable":true,"href":"https:\/\/instantmedia.pl\/index.php?rest_route=\/wp\/v2\/users\/1"}],"replies":[{"embeddable":true,"href":"https:\/\/instantmedia.pl\/index.php?rest_route=%2Fwp%2Fv2%2Fcomments&post=39"}],"version-history":[{"count":11,"href":"https:\/\/instantmedia.pl\/index.php?rest_route=\/wp\/v2\/pages\/39\/revisions"}],"predecessor-version":[{"id":205,"href":"https:\/\/instantmedia.pl\/index.php?rest_route=\/wp\/v2\/pages\/39\/revisions\/205"}],"wp:attachment":[{"href":"https:\/\/instantmedia.pl\/index.php?rest_route=%2Fwp%2Fv2%2Fmedia&parent=39"}],"curies":[{"name":"wp","href":"https:\/\/api.w.org\/{rel}","templated":true}]}}